{"id":8433,"date":"2022-06-10T11:49:42","date_gmt":"2022-06-10T09:49:42","guid":{"rendered":"https:\/\/www.hipac.com\/multumesc\/lucrati-cu-noi\/"},"modified":"2023-03-15T11:04:01","modified_gmt":"2023-03-15T10:04:01","slug":"lucrati-cu-noi","status":"publish","type":"page","link":"https:\/\/www.hipac.com\/ro\/multumesc\/lucrati-cu-noi\/","title":{"rendered":"Lucra\u021bi cu noi"},"content":{"rendered":"\n<div class=\"section \" style=\"\">\n  <div class=\"container\">\n    <div class=\"row\">\n      <div class=\"col-xs-12\">\n                  <p>V\u0103 mul\u021bumim pentru trimiterea CV-ului dumneavoastr\u0103. V\u0103 vom contacta dac\u0103 profilul dvs. corespunde cerin\u021belor<\/p>\n                                           \n\n                    <a href=\"https:\/\/www.hipac.com\/\" target=\"_self\" class=\"btn btn-primary\">Reveni\u021bi la pagina de start<\/a>\n                    \n      <\/div>\n    <\/div>\n  <\/div>\n<\/div>\n\n","protected":false},"excerpt":{"rendered":"","protected":false},"author":1,"featured_media":2773,"parent":8429,"menu_order":0,"comment_status":"closed","ping_status":"closed","template":"","meta":{"_acf_changed":false,"footnotes":""},"class_list":["post-8433","page","type-page","status-publish","has-post-thumbnail","hentry"],"acf":[],"yoast_head":"<!-- This site is optimized with the Yoast SEO plugin v27.3 - https:\/\/yoast.com\/product\/yoast-seo-wordpress\/ -->\n<title>Lucra\u021bi cu noi - Hipac Group<\/title>\n<meta name=\"robots\" content=\"index, follow, max-snippet:-1, max-image-preview:large, max-video-preview:-1\" \/>\n<link rel=\"canonical\" href=\"https:\/\/www.hipac.com\/ro\/multumesc\/lucrati-cu-noi\/\" \/>\n<meta property=\"og:locale\" content=\"ro_RO\" \/>\n<meta property=\"og:type\" content=\"article\" \/>\n<meta property=\"og:title\" content=\"Lucra\u021bi cu noi - Hipac Group\" \/>\n<meta property=\"og:url\" content=\"https:\/\/www.hipac.com\/ro\/multumesc\/lucrati-cu-noi\/\" \/>\n<meta property=\"og:site_name\" content=\"Hipac Group\" \/>\n<meta property=\"article:modified_time\" content=\"2023-03-15T10:04:01+00:00\" \/>\n<meta property=\"og:image\" content=\"https:\/\/www.hipac.com\/wp-content\/uploads\/2022\/04\/bg-lavoraconnoi.jpg\" \/>\n\t<meta property=\"og:image:width\" content=\"1680\" \/>\n\t<meta property=\"og:image:height\" content=\"350\" \/>\n\t<meta property=\"og:image:type\" content=\"image\/jpeg\" \/>\n<meta name=\"twitter:card\" content=\"summary_large_image\" \/>\n<script type=\"application\/ld+json\" class=\"yoast-schema-graph\">{\"@context\":\"https:\\\/\\\/schema.org\",\"@graph\":[{\"@type\":\"WebPage\",\"@id\":\"https:\\\/\\\/www.hipac.com\\\/ro\\\/multumesc\\\/lucrati-cu-noi\\\/\",\"url\":\"https:\\\/\\\/www.hipac.com\\\/ro\\\/multumesc\\\/lucrati-cu-noi\\\/\",\"name\":\"Lucra\u021bi cu noi - Hipac Group\",\"isPartOf\":{\"@id\":\"https:\\\/\\\/www.hipac.com\\\/ro\\\/#website\"},\"primaryImageOfPage\":{\"@id\":\"https:\\\/\\\/www.hipac.com\\\/ro\\\/multumesc\\\/lucrati-cu-noi\\\/#primaryimage\"},\"image\":{\"@id\":\"https:\\\/\\\/www.hipac.com\\\/ro\\\/multumesc\\\/lucrati-cu-noi\\\/#primaryimage\"},\"thumbnailUrl\":\"https:\\\/\\\/www.hipac.com\\\/wp-content\\\/uploads\\\/2022\\\/04\\\/bg-lavoraconnoi.jpg\",\"datePublished\":\"2022-06-10T09:49:42+00:00\",\"dateModified\":\"2023-03-15T10:04:01+00:00\",\"breadcrumb\":{\"@id\":\"https:\\\/\\\/www.hipac.com\\\/ro\\\/multumesc\\\/lucrati-cu-noi\\\/#breadcrumb\"},\"inLanguage\":\"ro-RO\",\"potentialAction\":[{\"@type\":\"ReadAction\",\"target\":[\"https:\\\/\\\/www.hipac.com\\\/ro\\\/multumesc\\\/lucrati-cu-noi\\\/\"]}]},{\"@type\":\"ImageObject\",\"inLanguage\":\"ro-RO\",\"@id\":\"https:\\\/\\\/www.hipac.com\\\/ro\\\/multumesc\\\/lucrati-cu-noi\\\/#primaryimage\",\"url\":\"https:\\\/\\\/www.hipac.com\\\/wp-content\\\/uploads\\\/2022\\\/04\\\/bg-lavoraconnoi.jpg\",\"contentUrl\":\"https:\\\/\\\/www.hipac.com\\\/wp-content\\\/uploads\\\/2022\\\/04\\\/bg-lavoraconnoi.jpg\",\"width\":1680,\"height\":350},{\"@type\":\"BreadcrumbList\",\"@id\":\"https:\\\/\\\/www.hipac.com\\\/ro\\\/multumesc\\\/lucrati-cu-noi\\\/#breadcrumb\",\"itemListElement\":[{\"@type\":\"ListItem\",\"position\":1,\"name\":\"Mul\u021bumesc\",\"item\":\"https:\\\/\\\/www.hipac.com\\\/ro\\\/multumesc\\\/\"},{\"@type\":\"ListItem\",\"position\":2,\"name\":\"Lucra\u021bi cu noi\"}]},{\"@type\":\"WebSite\",\"@id\":\"https:\\\/\\\/www.hipac.com\\\/ro\\\/#website\",\"url\":\"https:\\\/\\\/www.hipac.com\\\/ro\\\/\",\"name\":\"Hipac Group\",\"description\":\"\",\"potentialAction\":[{\"@type\":\"SearchAction\",\"target\":{\"@type\":\"EntryPoint\",\"urlTemplate\":\"https:\\\/\\\/www.hipac.com\\\/ro\\\/?s={search_term_string}\"},\"query-input\":{\"@type\":\"PropertyValueSpecification\",\"valueRequired\":true,\"valueName\":\"search_term_string\"}}],\"inLanguage\":\"ro-RO\"}]}<\/script>\n<!-- \/ Yoast SEO plugin. -->","yoast_head_json":{"title":"Lucra\u021bi cu noi - Hipac Group","robots":{"index":"index","follow":"follow","max-snippet":"max-snippet:-1","max-image-preview":"max-image-preview:large","max-video-preview":"max-video-preview:-1"},"canonical":"https:\/\/www.hipac.com\/ro\/multumesc\/lucrati-cu-noi\/","og_locale":"ro_RO","og_type":"article","og_title":"Lucra\u021bi cu noi - Hipac Group","og_url":"https:\/\/www.hipac.com\/ro\/multumesc\/lucrati-cu-noi\/","og_site_name":"Hipac Group","article_modified_time":"2023-03-15T10:04:01+00:00","og_image":[{"width":1680,"height":350,"url":"https:\/\/www.hipac.com\/wp-content\/uploads\/2022\/04\/bg-lavoraconnoi.jpg","type":"image\/jpeg"}],"twitter_card":"summary_large_image","schema":{"@context":"https:\/\/schema.org","@graph":[{"@type":"WebPage","@id":"https:\/\/www.hipac.com\/ro\/multumesc\/lucrati-cu-noi\/","url":"https:\/\/www.hipac.com\/ro\/multumesc\/lucrati-cu-noi\/","name":"Lucra\u021bi cu noi - Hipac Group","isPartOf":{"@id":"https:\/\/www.hipac.com\/ro\/#website"},"primaryImageOfPage":{"@id":"https:\/\/www.hipac.com\/ro\/multumesc\/lucrati-cu-noi\/#primaryimage"},"image":{"@id":"https:\/\/www.hipac.com\/ro\/multumesc\/lucrati-cu-noi\/#primaryimage"},"thumbnailUrl":"https:\/\/www.hipac.com\/wp-content\/uploads\/2022\/04\/bg-lavoraconnoi.jpg","datePublished":"2022-06-10T09:49:42+00:00","dateModified":"2023-03-15T10:04:01+00:00","breadcrumb":{"@id":"https:\/\/www.hipac.com\/ro\/multumesc\/lucrati-cu-noi\/#breadcrumb"},"inLanguage":"ro-RO","potentialAction":[{"@type":"ReadAction","target":["https:\/\/www.hipac.com\/ro\/multumesc\/lucrati-cu-noi\/"]}]},{"@type":"ImageObject","inLanguage":"ro-RO","@id":"https:\/\/www.hipac.com\/ro\/multumesc\/lucrati-cu-noi\/#primaryimage","url":"https:\/\/www.hipac.com\/wp-content\/uploads\/2022\/04\/bg-lavoraconnoi.jpg","contentUrl":"https:\/\/www.hipac.com\/wp-content\/uploads\/2022\/04\/bg-lavoraconnoi.jpg","width":1680,"height":350},{"@type":"BreadcrumbList","@id":"https:\/\/www.hipac.com\/ro\/multumesc\/lucrati-cu-noi\/#breadcrumb","itemListElement":[{"@type":"ListItem","position":1,"name":"Mul\u021bumesc","item":"https:\/\/www.hipac.com\/ro\/multumesc\/"},{"@type":"ListItem","position":2,"name":"Lucra\u021bi cu noi"}]},{"@type":"WebSite","@id":"https:\/\/www.hipac.com\/ro\/#website","url":"https:\/\/www.hipac.com\/ro\/","name":"Hipac Group","description":"","potentialAction":[{"@type":"SearchAction","target":{"@type":"EntryPoint","urlTemplate":"https:\/\/www.hipac.com\/ro\/?s={search_term_string}"},"query-input":{"@type":"PropertyValueSpecification","valueRequired":true,"valueName":"search_term_string"}}],"inLanguage":"ro-RO"}]}},"_links":{"self":[{"href":"https:\/\/www.hipac.com\/ro\/wp-json\/wp\/v2\/pages\/8433","targetHints":{"allow":["GET"]}}],"collection":[{"href":"https:\/\/www.hipac.com\/ro\/wp-json\/wp\/v2\/pages"}],"about":[{"href":"https:\/\/www.hipac.com\/ro\/wp-json\/wp\/v2\/types\/page"}],"author":[{"embeddable":true,"href":"https:\/\/www.hipac.com\/ro\/wp-json\/wp\/v2\/users\/1"}],"replies":[{"embeddable":true,"href":"https:\/\/www.hipac.com\/ro\/wp-json\/wp\/v2\/comments?post=8433"}],"version-history":[{"count":2,"href":"https:\/\/www.hipac.com\/ro\/wp-json\/wp\/v2\/pages\/8433\/revisions"}],"predecessor-version":[{"id":8633,"href":"https:\/\/www.hipac.com\/ro\/wp-json\/wp\/v2\/pages\/8433\/revisions\/8633"}],"up":[{"embeddable":true,"href":"https:\/\/www.hipac.com\/ro\/wp-json\/wp\/v2\/pages\/8429"}],"wp:featuredmedia":[{"embeddable":true,"href":"https:\/\/www.hipac.com\/ro\/wp-json\/wp\/v2\/media\/2773"}],"wp:attachment":[{"href":"https:\/\/www.hipac.com\/ro\/wp-json\/wp\/v2\/media?parent=8433"}],"curies":[{"name":"wp","href":"https:\/\/api.w.org\/{rel}","templated":true}]}}