{"id":8421,"date":"2022-04-21T03:40:56","date_gmt":"2022-04-21T01:40:56","guid":{"rendered":"https:\/\/www.hipac.com\/lucrati-cu-noi\/"},"modified":"2023-02-03T15:29:56","modified_gmt":"2023-02-03T14:29:56","slug":"lucrati-cu-noi","status":"publish","type":"page","link":"https:\/\/www.hipac.com\/ro\/lucrati-cu-noi\/","title":{"rendered":"Lucra\u021bi cu noi"},"content":{"rendered":"\n<div class=\"section \" style=\"\">\n  <div class=\"container\">\n    <div class=\"row\">\n      <div class=\"col-xs-12 col-sm-4 col-md-4 col-lg-4\">\n        <div class=\"section-title\">\n                      <div class=\"title-over\">\n              <div class=\"circle circle-red circle--inline\"><\/div>\n               LUCRA\u021aI CU NOI            <\/div>\n                                <h3>Al\u0103tura\u021bi-v\u0103 echipei HIPAC<\/h3>\n                  <\/div>\n      <\/div>\n      <div class=\"col-xs-12 col-sm-8 col-md-8 col-lg-8\">\n        <div class=\"text-section-title \">\n                      <p>Suntem mereu \u00een c\u0103utare de profesioni\u0219ti care s\u0103 se al\u0103ture for\u021bei noastre de munc\u0103 na\u021bionale \u0219i interna\u021bionale. Descoper\u0103 posturile deschise \u0219i trimite-ne candidatura ta!<\/p>\n              \n        <\/div>\n      <\/div>\n    <\/div>\n        \n  <\/div>\n<\/div>\n\n<script>\njQuery(function($) {\n\n  if (window.matchMedia(\"(min-width: 768px)\").matches) {\n      $('.listblock_6260b5d5f6570').matchHeight({ byRow: false });\n  }\n\n});\n<\/script>\n\n\n<div class=\"section \" style=\"background-image: url(https:\/\/www.hipac.com\/wp-content\/uploads\/2022\/04\/bg-request-cv.jpg);\">\n\t    <div class=\"container\">\n      <div class=\"row\">\n        <div class=\"col-sx-12 col-md-4\">\n          <div class=\"section-title mb-4\">\n                          <div class=\"title-over\">\n                <div class=\"circle circle-red circle--inline\"><\/div>\n                APLIC\u0102              <\/div>\n                                      <h3>Trimite\u021bi CV-ul dvs.<\/h3>\n                                      <p>Completeaz\u0103 formularul cu datele tale \u0219i ata\u0219eaz\u0103 CV-ul t\u0103u, te vom contacta \u00een cel mai scurt timp posibil!<\/p>\n                      <\/div>\n        <\/div>\n        <div class=\"col-xs-12 col-md-8\">\n                      \n<div class=\"wpcf7 no-js\" id=\"wpcf7-f8423-o1\" lang=\"ro-RO\" dir=\"ltr\" data-wpcf7-id=\"8423\">\n<div class=\"screen-reader-response\"><p role=\"status\" aria-live=\"polite\" aria-atomic=\"true\"><\/p> <ul><\/ul><\/div>\n<form action=\"\/ro\/wp-json\/wp\/v2\/pages\/8421#wpcf7-f8423-o1\" method=\"post\" class=\"wpcf7-form init\" aria-label=\"Formular de contact\" enctype=\"multipart\/form-data\" novalidate=\"novalidate\" data-status=\"init\">\n<fieldset class=\"hidden-fields-container\"><input type=\"hidden\" name=\"_wpcf7\" value=\"8423\" \/><input type=\"hidden\" name=\"_wpcf7_version\" value=\"6.1.5\" \/><input type=\"hidden\" name=\"_wpcf7_locale\" value=\"ro_RO\" \/><input type=\"hidden\" name=\"_wpcf7_unit_tag\" value=\"wpcf7-f8423-o1\" \/><input type=\"hidden\" name=\"_wpcf7_container_post\" value=\"0\" \/><input type=\"hidden\" name=\"_wpcf7_posted_data_hash\" value=\"\" \/><input type=\"hidden\" name=\"_wpcf7_recaptcha_response\" value=\"\" \/>\n<\/fieldset>\n<div class=\"form-contact\">\n\t<div class=\"row\">\n\t\t<div class=\"col-xs-12 col-sm-6\">\n\t\t\t<p><label>Nume*<\/label><br \/>\n<span class=\"wpcf7-form-control-wrap\" data-name=\"formName\"><input size=\"40\" maxlength=\"400\" class=\"wpcf7-form-control wpcf7-text wpcf7-validates-as-required form-control\" aria-required=\"true\" aria-invalid=\"false\" value=\"\" type=\"text\" name=\"formName\" \/><\/span>\n\t\t\t<\/p>\n\t\t<\/div>\n\t\t<div class=\"col-xs-12 col-sm-6\">\n\t\t\t<p><label>Numele de familie*<\/label><br \/>\n<span class=\"wpcf7-form-control-wrap\" data-name=\"formSurname\"><input size=\"40\" maxlength=\"400\" class=\"wpcf7-form-control wpcf7-text wpcf7-validates-as-required form-control\" aria-required=\"true\" aria-invalid=\"false\" value=\"\" type=\"text\" name=\"formSurname\" \/><\/span>\n\t\t\t<\/p>\n\t\t<\/div>\n\t<\/div>\n\t<div class=\"row\">\n\t\t<div class=\"col-xs-12 col-sm-4\">\n\t\t\t<div class=\"form-group\">\n\t\t\t\t<p><label>Ora\u0219ul*<\/label><br \/>\n<span class=\"wpcf7-form-control-wrap\" data-name=\"formCity\"><input size=\"40\" maxlength=\"400\" class=\"wpcf7-form-control wpcf7-text wpcf7-validates-as-required form-control\" aria-required=\"true\" aria-invalid=\"false\" value=\"\" type=\"text\" name=\"formCity\" \/><\/span>\n\t\t\t\t<\/p>\n\t\t\t<\/div>\n\t\t<\/div>\n\t\t<div class=\"col-xs-12 col-sm-4\">\n\t\t\t<div class=\"form-group\">\n\t\t\t\t<p><label>Telefon<\/label><br \/>\n<span class=\"wpcf7-form-control-wrap\" data-name=\"formPhone\"><input size=\"40\" maxlength=\"400\" class=\"wpcf7-form-control wpcf7-text form-control\" aria-invalid=\"false\" value=\"\" type=\"text\" name=\"formPhone\" \/><\/span>\n\t\t\t\t<\/p>\n\t\t\t<\/div>\n\t\t<\/div>\n\t\t<div class=\"col-xs-12 col-sm-4\">\n\t\t\t<div class=\"form-group\">\n\t\t\t\t<p><label>Email*<\/label><br \/>\n<span class=\"wpcf7-form-control-wrap\" data-name=\"formEmail\"><input size=\"40\" maxlength=\"400\" class=\"wpcf7-form-control wpcf7-email wpcf7-validates-as-required wpcf7-text wpcf7-validates-as-email form-control\" aria-required=\"true\" aria-invalid=\"false\" value=\"\" type=\"email\" name=\"formEmail\" \/><\/span>\n\t\t\t\t<\/p>\n\t\t\t<\/div>\n\t\t<\/div>\n\t<\/div>\n\t<div class=\"row\">\n\t\t<div class=\"col-xs-12 col-sm-6\">\n\t\t\t<p><label>Sediul central*<\/label>\n\t\t\t<\/p>\n\t\t\t<div class=\"select\">\n\t\t\t\t<p><span class=\"wpcf7-form-control-wrap\" data-name=\"formSite\"><select class=\"wpcf7-form-control wpcf7-select wpcf7-validates-as-required form-control\" aria-required=\"true\" aria-invalid=\"false\" name=\"formSite\"><option value=\"\">Selecta\u021bi...<\/option><option value=\"Italia - HIPAC S.p.A.\">Italia - HIPAC S.p.A.<\/option><option value=\"Espa\u00f1a - IBERHIPAC S.A.\">Espa\u00f1a - IBERHIPAC S.A.<\/option><option value=\"Rom\u00e2nia - HIPAC ROMANIA S.R.L.\">Rom\u00e2nia - HIPAC ROMANIA S.R.L.<\/option><\/select><\/span>\n\t\t\t\t<\/p>\n\t\t\t\t<div class=\"select__arrow\">\n\t\t\t\t<\/div>\n\t\t\t<\/div>\n\t\t<\/div>\n\t\t<div class=\"col-xs-12 col-sm-6\">\n\t\t\t<p><label>Departamentul*<\/label>\n\t\t\t<\/p>\n\t\t\t<div class=\"select\">\n\t\t\t\t<p><span class=\"wpcf7-form-control-wrap\" data-name=\"formDepartment\"><select class=\"wpcf7-form-control wpcf7-select wpcf7-validates-as-required form-control\" aria-required=\"true\" aria-invalid=\"false\" name=\"formDepartment\"><option value=\"\">Selecta\u021bi...<\/option><option value=\"Administra\u021bie\">Administra\u021bie<\/option><option value=\"Logistic\u0103\">Logistic\u0103<\/option><option value=\"Depozit\">Depozit<\/option><option value=\"Marketing\">Marketing<\/option><option value=\"Produc\u021bie\">Produc\u021bie<\/option><option value=\"Cercetare \u0219i dezvoltare\">Cercetare \u0219i dezvoltare<\/option><option value=\"Departamentul tehnic\">Departamentul tehnic<\/option><option value=\"V\u00e2nz\u0103ri\">V\u00e2nz\u0103ri<\/option><option value=\"Altele (specifica\u021bi \u00een mesaj)\">Altele (specifica\u021bi \u00een mesaj)<\/option><\/select><\/span>\n\t\t\t\t<\/p>\n\t\t\t\t<div class=\"select__arrow\">\n\t\t\t\t<\/div>\n\t\t\t<\/div>\n\t\t<\/div>\n\t<\/div>\n\t<div class=\"row\">\n\t\t<div class=\"col-xs-12\">\n\t\t\t<div class=\"form-group\">\n\t\t\t\t<p><label>Mesaj*<\/label><br \/>\n<span class=\"wpcf7-form-control-wrap\" data-name=\"formDescription\"><textarea cols=\"40\" rows=\"10\" maxlength=\"2000\" class=\"wpcf7-form-control wpcf7-textarea wpcf7-validates-as-required form-control\" aria-required=\"true\" aria-invalid=\"false\" name=\"formDescription\"><\/textarea><\/span>\n\t\t\t\t<\/p>\n\t\t\t<\/div>\n\t\t<\/div>\n\t\t<div class=\"col-xs-12\">\n\t\t\t<p>Ata\u0219a\u021bi CV-ul (pute\u021bi ata\u0219a doar un fi\u0219ier .pdf, .doc \u0219i .docx cu o dimensiune mai mic\u0103 de 10 MB):<br \/>\n<span class=\"wpcf7-form-control-wrap\" data-name=\"formCV\"><input size=\"40\" class=\"wpcf7-form-control wpcf7-file wpcf7-validates-as-required\" accept=\".doc,.pdf,.docx\" aria-required=\"true\" aria-invalid=\"false\" type=\"file\" name=\"formCV\" \/><\/span>\n\t\t\t<\/p>\n\t\t<\/div>\n\t\t<div class=\"col-xs-12 col-sm-8 mt-2\">\n\t\t\t<p><span class=\"wpcf7-form-control-wrap\" data-name=\"formPrivacy\"><span class=\"wpcf7-form-control wpcf7-acceptance\"><span class=\"wpcf7-list-item\"><label><input type=\"checkbox\" name=\"formPrivacy\" value=\"1\" class=\"form-check-input\" aria-invalid=\"false\" \/><span class=\"wpcf7-list-item-label\">* Sunt de acord ca datele mele personale s\u0103 fie utilizate \u00een conformitate cu <a href=\"https:\/\/www.iubenda.com\/privacy-policy\/13910715\" target=\"_blank\">Politica de confiden\u021bialitate<\/a><\/span><\/label><\/span><\/span><\/span><span class=\"wpcf7-form-control-wrap\" data-name=\"formMarketing\"><span class=\"wpcf7-form-control wpcf7-acceptance optional\"><span class=\"wpcf7-list-item\"><label><input type=\"checkbox\" name=\"formMarketing\" value=\"1\" class=\"form-check-input\" aria-invalid=\"false\" \/><span class=\"wpcf7-list-item-label\">Autorizez prelucrarea datelor mele cu caracter personal pentru a fi informat cu privire la informa\u021bii noi \u0219i \u00een scopuri de marketing direct legate de serviciile oferite.<\/span><\/label><\/span><\/span><\/span>\n\t\t\t<\/p>\n\t\t<\/div>\n\t\t<div class=\"col-sm-4 mt-2 hidden-xs text-right\">\n\t\t\t<p><input class=\"wpcf7-form-control wpcf7-submit has-spinner btn btn-secondary\" type=\"submit\" value=\"Invia richiesta\" \/>\n\t\t\t<\/p>\n\t\t<\/div>\n\t\t<div class=\"col-xs-12 mt-2 visible-xs\">\n\t\t\t<p><input class=\"wpcf7-form-control wpcf7-submit has-spinner btn btn-secondary\" type=\"submit\" value=\"Invia richiesta\" \/>\n\t\t\t<\/p>\n\t\t<\/div>\n\t<\/div>\n<\/div><div class=\"wpcf7-response-output\" aria-hidden=\"true\"><\/div>\n<\/form>\n<\/div>\n            \n        <\/div>        \n      <\/div>\n    <\/div>\n\n<\/div>\n\n","protected":false},"excerpt":{"rendered":"","protected":false},"author":1,"featured_media":2773,"parent":0,"menu_order":0,"comment_status":"closed","ping_status":"closed","template":"","meta":{"_acf_changed":false,"footnotes":""},"class_list":["post-8421","page","type-page","status-publish","has-post-thumbnail","hentry"],"acf":[],"yoast_head":"<!-- This site is optimized with the Yoast SEO plugin v27.3 - https:\/\/yoast.com\/product\/yoast-seo-wordpress\/ -->\n<title>Lucra\u021bi cu noi - Hipac Group<\/title>\n<meta name=\"description\" content=\"Vuoi entrare a far parte del team di Hipac Group? Scopri le posizioni aperte e inviaci il tuo curriculum, oppura manda una candidatura spontanea!\" \/>\n<meta name=\"robots\" content=\"index, follow, max-snippet:-1, max-image-preview:large, max-video-preview:-1\" \/>\n<link rel=\"canonical\" href=\"https:\/\/www.hipac.com\/ro\/lucrati-cu-noi\/\" \/>\n<meta property=\"og:locale\" content=\"ro_RO\" \/>\n<meta property=\"og:type\" content=\"article\" \/>\n<meta property=\"og:title\" content=\"Lucra\u021bi cu noi - Hipac Group\" \/>\n<meta property=\"og:description\" content=\"Vuoi entrare a far parte del team di Hipac Group? Scopri le posizioni aperte e inviaci il tuo curriculum, oppura manda una candidatura spontanea!\" \/>\n<meta property=\"og:url\" content=\"https:\/\/www.hipac.com\/ro\/lucrati-cu-noi\/\" \/>\n<meta property=\"og:site_name\" content=\"Hipac Group\" \/>\n<meta property=\"article:modified_time\" content=\"2023-02-03T14:29:56+00:00\" \/>\n<meta property=\"og:image\" content=\"https:\/\/www.hipac.com\/wp-content\/uploads\/2022\/04\/bg-lavoraconnoi.jpg\" \/>\n\t<meta property=\"og:image:width\" content=\"1680\" \/>\n\t<meta property=\"og:image:height\" content=\"350\" \/>\n\t<meta property=\"og:image:type\" content=\"image\/jpeg\" \/>\n<meta name=\"twitter:card\" content=\"summary_large_image\" \/>\n<script type=\"application\/ld+json\" class=\"yoast-schema-graph\">{\"@context\":\"https:\\\/\\\/schema.org\",\"@graph\":[{\"@type\":\"WebPage\",\"@id\":\"https:\\\/\\\/www.hipac.com\\\/ro\\\/lucrati-cu-noi\\\/\",\"url\":\"https:\\\/\\\/www.hipac.com\\\/ro\\\/lucrati-cu-noi\\\/\",\"name\":\"Lucra\u021bi cu noi - Hipac Group\",\"isPartOf\":{\"@id\":\"https:\\\/\\\/www.hipac.com\\\/ro\\\/#website\"},\"primaryImageOfPage\":{\"@id\":\"https:\\\/\\\/www.hipac.com\\\/ro\\\/lucrati-cu-noi\\\/#primaryimage\"},\"image\":{\"@id\":\"https:\\\/\\\/www.hipac.com\\\/ro\\\/lucrati-cu-noi\\\/#primaryimage\"},\"thumbnailUrl\":\"https:\\\/\\\/www.hipac.com\\\/wp-content\\\/uploads\\\/2022\\\/04\\\/bg-lavoraconnoi.jpg\",\"datePublished\":\"2022-04-21T01:40:56+00:00\",\"dateModified\":\"2023-02-03T14:29:56+00:00\",\"description\":\"Vuoi entrare a far parte del team di Hipac Group? Scopri le posizioni aperte e inviaci il tuo curriculum, oppura manda una candidatura spontanea!\",\"inLanguage\":\"ro-RO\",\"potentialAction\":[{\"@type\":\"ReadAction\",\"target\":[\"https:\\\/\\\/www.hipac.com\\\/ro\\\/lucrati-cu-noi\\\/\"]}]},{\"@type\":\"ImageObject\",\"inLanguage\":\"ro-RO\",\"@id\":\"https:\\\/\\\/www.hipac.com\\\/ro\\\/lucrati-cu-noi\\\/#primaryimage\",\"url\":\"https:\\\/\\\/www.hipac.com\\\/wp-content\\\/uploads\\\/2022\\\/04\\\/bg-lavoraconnoi.jpg\",\"contentUrl\":\"https:\\\/\\\/www.hipac.com\\\/wp-content\\\/uploads\\\/2022\\\/04\\\/bg-lavoraconnoi.jpg\",\"width\":1680,\"height\":350},{\"@type\":\"WebSite\",\"@id\":\"https:\\\/\\\/www.hipac.com\\\/ro\\\/#website\",\"url\":\"https:\\\/\\\/www.hipac.com\\\/ro\\\/\",\"name\":\"Hipac Group\",\"description\":\"\",\"potentialAction\":[{\"@type\":\"SearchAction\",\"target\":{\"@type\":\"EntryPoint\",\"urlTemplate\":\"https:\\\/\\\/www.hipac.com\\\/ro\\\/?s={search_term_string}\"},\"query-input\":{\"@type\":\"PropertyValueSpecification\",\"valueRequired\":true,\"valueName\":\"search_term_string\"}}],\"inLanguage\":\"ro-RO\"}]}<\/script>\n<!-- \/ Yoast SEO plugin. -->","yoast_head_json":{"title":"Lucra\u021bi cu noi - Hipac Group","description":"Vuoi entrare a far parte del team di Hipac Group? Scopri le posizioni aperte e inviaci il tuo curriculum, oppura manda una candidatura spontanea!","robots":{"index":"index","follow":"follow","max-snippet":"max-snippet:-1","max-image-preview":"max-image-preview:large","max-video-preview":"max-video-preview:-1"},"canonical":"https:\/\/www.hipac.com\/ro\/lucrati-cu-noi\/","og_locale":"ro_RO","og_type":"article","og_title":"Lucra\u021bi cu noi - Hipac Group","og_description":"Vuoi entrare a far parte del team di Hipac Group? Scopri le posizioni aperte e inviaci il tuo curriculum, oppura manda una candidatura spontanea!","og_url":"https:\/\/www.hipac.com\/ro\/lucrati-cu-noi\/","og_site_name":"Hipac Group","article_modified_time":"2023-02-03T14:29:56+00:00","og_image":[{"width":1680,"height":350,"url":"https:\/\/www.hipac.com\/wp-content\/uploads\/2022\/04\/bg-lavoraconnoi.jpg","type":"image\/jpeg"}],"twitter_card":"summary_large_image","schema":{"@context":"https:\/\/schema.org","@graph":[{"@type":"WebPage","@id":"https:\/\/www.hipac.com\/ro\/lucrati-cu-noi\/","url":"https:\/\/www.hipac.com\/ro\/lucrati-cu-noi\/","name":"Lucra\u021bi cu noi - Hipac Group","isPartOf":{"@id":"https:\/\/www.hipac.com\/ro\/#website"},"primaryImageOfPage":{"@id":"https:\/\/www.hipac.com\/ro\/lucrati-cu-noi\/#primaryimage"},"image":{"@id":"https:\/\/www.hipac.com\/ro\/lucrati-cu-noi\/#primaryimage"},"thumbnailUrl":"https:\/\/www.hipac.com\/wp-content\/uploads\/2022\/04\/bg-lavoraconnoi.jpg","datePublished":"2022-04-21T01:40:56+00:00","dateModified":"2023-02-03T14:29:56+00:00","description":"Vuoi entrare a far parte del team di Hipac Group? Scopri le posizioni aperte e inviaci il tuo curriculum, oppura manda una candidatura spontanea!","inLanguage":"ro-RO","potentialAction":[{"@type":"ReadAction","target":["https:\/\/www.hipac.com\/ro\/lucrati-cu-noi\/"]}]},{"@type":"ImageObject","inLanguage":"ro-RO","@id":"https:\/\/www.hipac.com\/ro\/lucrati-cu-noi\/#primaryimage","url":"https:\/\/www.hipac.com\/wp-content\/uploads\/2022\/04\/bg-lavoraconnoi.jpg","contentUrl":"https:\/\/www.hipac.com\/wp-content\/uploads\/2022\/04\/bg-lavoraconnoi.jpg","width":1680,"height":350},{"@type":"WebSite","@id":"https:\/\/www.hipac.com\/ro\/#website","url":"https:\/\/www.hipac.com\/ro\/","name":"Hipac Group","description":"","potentialAction":[{"@type":"SearchAction","target":{"@type":"EntryPoint","urlTemplate":"https:\/\/www.hipac.com\/ro\/?s={search_term_string}"},"query-input":{"@type":"PropertyValueSpecification","valueRequired":true,"valueName":"search_term_string"}}],"inLanguage":"ro-RO"}]}},"_links":{"self":[{"href":"https:\/\/www.hipac.com\/ro\/wp-json\/wp\/v2\/pages\/8421","targetHints":{"allow":["GET"]}}],"collection":[{"href":"https:\/\/www.hipac.com\/ro\/wp-json\/wp\/v2\/pages"}],"about":[{"href":"https:\/\/www.hipac.com\/ro\/wp-json\/wp\/v2\/types\/page"}],"author":[{"embeddable":true,"href":"https:\/\/www.hipac.com\/ro\/wp-json\/wp\/v2\/users\/1"}],"replies":[{"embeddable":true,"href":"https:\/\/www.hipac.com\/ro\/wp-json\/wp\/v2\/comments?post=8421"}],"version-history":[{"count":1,"href":"https:\/\/www.hipac.com\/ro\/wp-json\/wp\/v2\/pages\/8421\/revisions"}],"predecessor-version":[{"id":8422,"href":"https:\/\/www.hipac.com\/ro\/wp-json\/wp\/v2\/pages\/8421\/revisions\/8422"}],"wp:featuredmedia":[{"embeddable":true,"href":"https:\/\/www.hipac.com\/ro\/wp-json\/wp\/v2\/media\/2773"}],"wp:attachment":[{"href":"https:\/\/www.hipac.com\/ro\/wp-json\/wp\/v2\/media?parent=8421"}],"curies":[{"name":"wp","href":"https:\/\/api.w.org\/{rel}","templated":true}]}}