{"id":8191,"date":"2022-04-21T03:40:56","date_gmt":"2022-04-21T01:40:56","guid":{"rendered":"https:\/\/www.hipac.com\/travailler-avec-nous\/"},"modified":"2025-10-07T17:23:09","modified_gmt":"2025-10-07T15:23:09","slug":"travailler-avec-nous","status":"publish","type":"page","link":"https:\/\/www.hipac.com\/fr\/travailler-avec-nous\/","title":{"rendered":"Travailler avec nous"},"content":{"rendered":"\n<div class=\"section \" style=\"\">\n  <div class=\"container\">\n    <div class=\"row\">\n      <div class=\"col-xs-12 col-sm-4 col-md-4 col-lg-4\">\n        <div class=\"section-title\">\n                      <div class=\"title-over\">\n              <div class=\"circle circle-red circle--inline\"><\/div>\n               TRAVAILLER AVEC NOUS            <\/div>\n                                <h3>Rejoignez l&rsquo;\u00e9quipe HIPAC<\/h3>\n                  <\/div>\n      <\/div>\n      <div class=\"col-xs-12 col-sm-8 col-md-8 col-lg-8\">\n        <div class=\"text-section-title \">\n                      <p>Nous sommes toujours \u00e0 la recherche de professionnels pour rejoindre notre \u00e9quipe nationale et internationale. D\u00e9couvrez les postes ouverts et envoyez-nous votre candidature !<\/p>\n              \n        <\/div>\n      <\/div>\n    <\/div>\n        \n  <\/div>\n<\/div>\n\n<script>\njQuery(function($) {\n\n  if (window.matchMedia(\"(min-width: 768px)\").matches) {\n      $('.listblock_6260b5d5f6570').matchHeight({ byRow: false });\n  }\n\n});\n<\/script>\n\n\n<div class=\"section \" style=\"background-image: url(https:\/\/www.hipac.com\/wp-content\/uploads\/2022\/04\/bg-request-cv.jpg);\">\n\t    <div class=\"container\">\n      <div class=\"row\">\n        <div class=\"col-sx-12 col-md-4\">\n          <div class=\"section-title mb-4\">\n                          <div class=\"title-over\">\n                <div class=\"circle circle-red circle--inline\"><\/div>\n                CANDIDATURE              <\/div>\n                                      <h3>Envoyez votre CV<\/h3>\n                                      <p>Remplissez le formulaire avec vos coordonn\u00e9es et joignez votre CV, nous vous r\u00e9pondrons dans les plus brefs d\u00e9lais !<\/p>\n                      <\/div>\n        <\/div>\n        <div class=\"col-xs-12 col-md-8\">\n                      \n<div class=\"wpcf7 no-js\" id=\"wpcf7-f8193-o1\" lang=\"fr-FR\" dir=\"ltr\" data-wpcf7-id=\"8193\">\n<div class=\"screen-reader-response\"><p role=\"status\" aria-live=\"polite\" aria-atomic=\"true\"><\/p> <ul><\/ul><\/div>\n<form action=\"\/fr\/wp-json\/wp\/v2\/pages\/8191#wpcf7-f8193-o1\" method=\"post\" class=\"wpcf7-form init\" aria-label=\"Formulaire de contact\" enctype=\"multipart\/form-data\" novalidate=\"novalidate\" data-status=\"init\">\n<fieldset class=\"hidden-fields-container\"><input type=\"hidden\" name=\"_wpcf7\" value=\"8193\" \/><input type=\"hidden\" name=\"_wpcf7_version\" value=\"6.1.5\" \/><input type=\"hidden\" name=\"_wpcf7_locale\" value=\"fr_FR\" \/><input type=\"hidden\" name=\"_wpcf7_unit_tag\" value=\"wpcf7-f8193-o1\" \/><input type=\"hidden\" name=\"_wpcf7_container_post\" value=\"0\" \/><input type=\"hidden\" name=\"_wpcf7_posted_data_hash\" value=\"\" \/><input type=\"hidden\" name=\"_wpcf7_recaptcha_response\" value=\"\" \/>\n<\/fieldset>\n<div class=\"form-contact\">\n\t<div class=\"row\">\n\t\t<div class=\"col-xs-12 col-sm-6\">\n\t\t\t<p><label>Nom*<\/label><br \/>\n<span class=\"wpcf7-form-control-wrap\" data-name=\"formName\"><input size=\"40\" maxlength=\"400\" class=\"wpcf7-form-control wpcf7-text wpcf7-validates-as-required form-control\" aria-required=\"true\" aria-invalid=\"false\" value=\"\" type=\"text\" name=\"formName\" \/><\/span>\n\t\t\t<\/p>\n\t\t<\/div>\n\t\t<div class=\"col-xs-12 col-sm-6\">\n\t\t\t<p><label>Nom de famille*<\/label><br \/>\n<span class=\"wpcf7-form-control-wrap\" data-name=\"formSurname\"><input size=\"40\" maxlength=\"400\" class=\"wpcf7-form-control wpcf7-text wpcf7-validates-as-required form-control\" aria-required=\"true\" aria-invalid=\"false\" value=\"\" type=\"text\" name=\"formSurname\" \/><\/span>\n\t\t\t<\/p>\n\t\t<\/div>\n\t<\/div>\n\t<div class=\"row\">\n\t\t<div class=\"col-xs-12 col-sm-4\">\n\t\t\t<div class=\"form-group\">\n\t\t\t\t<p><label>Ville*<\/label><br \/>\n<span class=\"wpcf7-form-control-wrap\" data-name=\"formCity\"><input size=\"40\" maxlength=\"400\" class=\"wpcf7-form-control wpcf7-text wpcf7-validates-as-required form-control\" aria-required=\"true\" aria-invalid=\"false\" value=\"\" type=\"text\" name=\"formCity\" \/><\/span>\n\t\t\t\t<\/p>\n\t\t\t<\/div>\n\t\t<\/div>\n\t\t<div class=\"col-xs-12 col-sm-4\">\n\t\t\t<div class=\"form-group\">\n\t\t\t\t<p><label>T\u00e9l\u00e9phone<\/label><br \/>\n<span class=\"wpcf7-form-control-wrap\" data-name=\"formPhone\"><input size=\"40\" maxlength=\"400\" class=\"wpcf7-form-control wpcf7-text form-control\" aria-invalid=\"false\" value=\"\" type=\"text\" name=\"formPhone\" \/><\/span>\n\t\t\t\t<\/p>\n\t\t\t<\/div>\n\t\t<\/div>\n\t\t<div class=\"col-xs-12 col-sm-4\">\n\t\t\t<div class=\"form-group\">\n\t\t\t\t<p><label>Courriel*<\/label><br \/>\n<span class=\"wpcf7-form-control-wrap\" data-name=\"formEmail\"><input size=\"40\" maxlength=\"400\" class=\"wpcf7-form-control wpcf7-email wpcf7-validates-as-required wpcf7-text wpcf7-validates-as-email form-control\" aria-required=\"true\" aria-invalid=\"false\" value=\"\" type=\"email\" name=\"formEmail\" \/><\/span>\n\t\t\t\t<\/p>\n\t\t\t<\/div>\n\t\t<\/div>\n\t<\/div>\n\t<div class=\"row\">\n\t\t<div class=\"col-xs-12 col-sm-6\">\n\t\t\t<p><label>Adresse*<\/label>\n\t\t\t<\/p>\n\t\t\t<div class=\"select\">\n\t\t\t\t<p><span class=\"wpcf7-form-control-wrap\" data-name=\"formSite\"><select class=\"wpcf7-form-control wpcf7-select wpcf7-validates-as-required form-control\" aria-required=\"true\" aria-invalid=\"false\" name=\"formSite\"><option value=\"\">S\u00e9lectionnez...<\/option><option value=\"Italia - HIPAC S.p.A.\">Italia - HIPAC S.p.A.<\/option><option value=\"Espa\u00f1a - IBERHIPAC S.A.\">Espa\u00f1a - IBERHIPAC S.A.<\/option><option value=\"Rom\u00e2nia - HIPAC ROMANIA S.R.L.\">Rom\u00e2nia - HIPAC ROMANIA S.R.L.<\/option><\/select><\/span>\n\t\t\t\t<\/p>\n\t\t\t\t<div class=\"select__arrow\">\n\t\t\t\t<\/div>\n\t\t\t<\/div>\n\t\t<\/div>\n\t\t<div class=\"col-xs-12 col-sm-6\">\n\t\t\t<p><label>D\u00e9partement*<\/label>\n\t\t\t<\/p>\n\t\t\t<div class=\"select\">\n\t\t\t\t<p><span class=\"wpcf7-form-control-wrap\" data-name=\"formDepartment\"><select class=\"wpcf7-form-control wpcf7-select wpcf7-validates-as-required form-control\" aria-required=\"true\" aria-invalid=\"false\" name=\"formDepartment\"><option value=\"\">S\u00e9lectionnez...<\/option><option value=\"Administration\">Administration<\/option><option value=\"Logistique\">Logistique<\/option><option value=\"Entrep\u00f4t\">Entrep\u00f4t<\/option><option value=\"Marketing\">Marketing<\/option><option value=\"Production\">Production<\/option><option value=\"Recherche et d\u00e9veloppement\">Recherche et d\u00e9veloppement<\/option><option value=\"Bureau technique\">Bureau technique<\/option><option value=\"Ventes\">Ventes<\/option><option value=\"Autre (pr\u00e9cisez dans le message)\">Autre (pr\u00e9cisez dans le message)<\/option><\/select><\/span>\n\t\t\t\t<\/p>\n\t\t\t\t<div class=\"select__arrow\">\n\t\t\t\t<\/div>\n\t\t\t<\/div>\n\t\t<\/div>\n\t<\/div>\n\t<div class=\"row\">\n\t\t<div class=\"col-xs-12\">\n\t\t\t<div class=\"form-group\">\n\t\t\t\t<p><label>Message*<\/label><br \/>\n<span class=\"wpcf7-form-control-wrap\" data-name=\"formDescription\"><textarea cols=\"40\" rows=\"10\" maxlength=\"2000\" class=\"wpcf7-form-control wpcf7-textarea wpcf7-validates-as-required form-control\" aria-required=\"true\" aria-invalid=\"false\" name=\"formDescription\"><\/textarea><\/span>\n\t\t\t\t<\/p>\n\t\t\t<\/div>\n\t\t<\/div>\n\t\t<div class=\"col-xs-12\">\n\t\t\t<p>*Joignez votre CV (un seul fichier .pdf, .doc et .docx d'une taille inf\u00e9rieure \u00e0 10 Mb peut \u00eatre joint) :<br \/>\n<span class=\"wpcf7-form-control-wrap\" data-name=\"formCV\"><input size=\"40\" class=\"wpcf7-form-control wpcf7-file wpcf7-validates-as-required\" accept=\".doc,.pdf,.docx\" aria-required=\"true\" aria-invalid=\"false\" type=\"file\" name=\"formCV\" \/><\/span>\n\t\t\t<\/p>\n\t\t<\/div>\n\t\t<div class=\"col-xs-12 col-sm-8 mt-2\">\n\t\t\t<p><span class=\"wpcf7-form-control-wrap\" data-name=\"formPrivacy\"><span class=\"wpcf7-form-control wpcf7-acceptance\"><span class=\"wpcf7-list-item\"><label><input type=\"checkbox\" name=\"formPrivacy\" value=\"1\" class=\"form-check-input\" aria-invalid=\"false\" \/><span class=\"wpcf7-list-item-label\">* Je consens \u00e0 ce que mes donn\u00e9es personnelles soient utilis\u00e9es conform\u00e9ment \u00e0 la <a href=\"https:\/\/www.iubenda.com\/privacy-policy\/13910715\" target=\"_blank\">politique de confidentialit\u00e9<\/a>.<\/span><\/label><\/span><\/span><\/span><span class=\"wpcf7-form-control-wrap\" data-name=\"formMarketing\"><span class=\"wpcf7-form-control wpcf7-acceptance optional\"><span class=\"wpcf7-list-item\"><label><input type=\"checkbox\" name=\"formMarketing\" value=\"1\" class=\"form-check-input\" aria-invalid=\"false\" \/><span class=\"wpcf7-list-item-label\">J'autorise le traitement de mes donn\u00e9es personnelles afin d'\u00eatre inform\u00e9 des nouveaut\u00e9s et \u00e0 des fins de marketing direct li\u00e9es aux services propos\u00e9s.<\/span><\/label><\/span><\/span><\/span>\n\t\t\t<\/p>\n\t\t<\/div>\n\t\t<div class=\"col-sm-4 mt-2 hidden-xs text-right\">\n\t\t\t<p><input class=\"wpcf7-form-control wpcf7-submit has-spinner btn btn-secondary\" type=\"submit\" value=\"Invia richiesta\" \/>\n\t\t\t<\/p>\n\t\t<\/div>\n\t\t<div class=\"col-xs-12 mt-2 visible-xs\">\n\t\t\t<p><input class=\"wpcf7-form-control wpcf7-submit has-spinner btn btn-secondary\" type=\"submit\" value=\"Invia richiesta\" \/>\n\t\t\t<\/p>\n\t\t<\/div>\n\t<\/div>\n<\/div><div class=\"wpcf7-response-output\" aria-hidden=\"true\"><\/div>\n<\/form>\n<\/div>\n            \n        <\/div>        \n      <\/div>\n    <\/div>\n\n<\/div>\n\n","protected":false},"excerpt":{"rendered":"","protected":false},"author":1,"featured_media":2771,"parent":0,"menu_order":0,"comment_status":"closed","ping_status":"closed","template":"","meta":{"_acf_changed":false,"footnotes":""},"class_list":["post-8191","page","type-page","status-publish","has-post-thumbnail","hentry"],"acf":[],"yoast_head":"<!-- This site is optimized with the Yoast SEO plugin v27.3 - https:\/\/yoast.com\/product\/yoast-seo-wordpress\/ -->\n<title>Travailler avec nous - Hipac Group<\/title>\n<meta name=\"description\" content=\"Vous souhaitez rejoindre l&#039;\u00e9quipe du groupe Hipac ? D\u00e9couvrez les postes \u00e0 pourvoir et envoyez-nous votre CV!\" \/>\n<meta name=\"robots\" content=\"index, follow, max-snippet:-1, max-image-preview:large, max-video-preview:-1\" \/>\n<link rel=\"canonical\" href=\"https:\/\/www.hipac.com\/fr\/travailler-avec-nous\/\" \/>\n<meta property=\"og:locale\" content=\"fr_FR\" \/>\n<meta property=\"og:type\" content=\"article\" \/>\n<meta property=\"og:title\" content=\"Travailler avec nous - Hipac Group\" \/>\n<meta property=\"og:description\" content=\"Vous souhaitez rejoindre l&#039;\u00e9quipe du groupe Hipac ? D\u00e9couvrez les postes \u00e0 pourvoir et envoyez-nous votre CV!\" \/>\n<meta property=\"og:url\" content=\"https:\/\/www.hipac.com\/fr\/travailler-avec-nous\/\" \/>\n<meta property=\"og:site_name\" content=\"Hipac Group\" \/>\n<meta property=\"article:modified_time\" content=\"2025-10-07T15:23:09+00:00\" \/>\n<meta property=\"og:image\" content=\"https:\/\/www.hipac.com\/wp-content\/uploads\/2022\/04\/bg-lavoraconnoi.jpg\" \/>\n\t<meta property=\"og:image:width\" content=\"1680\" \/>\n\t<meta property=\"og:image:height\" content=\"350\" \/>\n\t<meta property=\"og:image:type\" content=\"image\/jpeg\" \/>\n<meta name=\"twitter:card\" content=\"summary_large_image\" \/>\n<meta name=\"twitter:label1\" content=\"Dur\u00e9e de lecture estim\u00e9e\" \/>\n\t<meta name=\"twitter:data1\" content=\"1 minute\" \/>\n<script type=\"application\/ld+json\" class=\"yoast-schema-graph\">{\"@context\":\"https:\\\/\\\/schema.org\",\"@graph\":[{\"@type\":\"WebPage\",\"@id\":\"https:\\\/\\\/www.hipac.com\\\/fr\\\/travailler-avec-nous\\\/\",\"url\":\"https:\\\/\\\/www.hipac.com\\\/fr\\\/travailler-avec-nous\\\/\",\"name\":\"Travailler avec nous - Hipac Group\",\"isPartOf\":{\"@id\":\"https:\\\/\\\/www.hipac.com\\\/fr\\\/#website\"},\"primaryImageOfPage\":{\"@id\":\"https:\\\/\\\/www.hipac.com\\\/fr\\\/travailler-avec-nous\\\/#primaryimage\"},\"image\":{\"@id\":\"https:\\\/\\\/www.hipac.com\\\/fr\\\/travailler-avec-nous\\\/#primaryimage\"},\"thumbnailUrl\":\"https:\\\/\\\/www.hipac.com\\\/wp-content\\\/uploads\\\/2022\\\/04\\\/bg-lavoraconnoi.jpg\",\"datePublished\":\"2022-04-21T01:40:56+00:00\",\"dateModified\":\"2025-10-07T15:23:09+00:00\",\"description\":\"Vous souhaitez rejoindre l'\u00e9quipe du groupe Hipac ? D\u00e9couvrez les postes \u00e0 pourvoir et envoyez-nous votre CV!\",\"inLanguage\":\"fr-FR\",\"potentialAction\":[{\"@type\":\"ReadAction\",\"target\":[\"https:\\\/\\\/www.hipac.com\\\/fr\\\/travailler-avec-nous\\\/\"]}]},{\"@type\":\"ImageObject\",\"inLanguage\":\"fr-FR\",\"@id\":\"https:\\\/\\\/www.hipac.com\\\/fr\\\/travailler-avec-nous\\\/#primaryimage\",\"url\":\"https:\\\/\\\/www.hipac.com\\\/wp-content\\\/uploads\\\/2022\\\/04\\\/bg-lavoraconnoi.jpg\",\"contentUrl\":\"https:\\\/\\\/www.hipac.com\\\/wp-content\\\/uploads\\\/2022\\\/04\\\/bg-lavoraconnoi.jpg\",\"width\":1680,\"height\":350},{\"@type\":\"WebSite\",\"@id\":\"https:\\\/\\\/www.hipac.com\\\/fr\\\/#website\",\"url\":\"https:\\\/\\\/www.hipac.com\\\/fr\\\/\",\"name\":\"Hipac Group\",\"description\":\"\",\"potentialAction\":[{\"@type\":\"SearchAction\",\"target\":{\"@type\":\"EntryPoint\",\"urlTemplate\":\"https:\\\/\\\/www.hipac.com\\\/fr\\\/?s={search_term_string}\"},\"query-input\":{\"@type\":\"PropertyValueSpecification\",\"valueRequired\":true,\"valueName\":\"search_term_string\"}}],\"inLanguage\":\"fr-FR\"}]}<\/script>\n<!-- \/ Yoast SEO plugin. -->","yoast_head_json":{"title":"Travailler avec nous - Hipac Group","description":"Vous souhaitez rejoindre l'\u00e9quipe du groupe Hipac ? D\u00e9couvrez les postes \u00e0 pourvoir et envoyez-nous votre CV!","robots":{"index":"index","follow":"follow","max-snippet":"max-snippet:-1","max-image-preview":"max-image-preview:large","max-video-preview":"max-video-preview:-1"},"canonical":"https:\/\/www.hipac.com\/fr\/travailler-avec-nous\/","og_locale":"fr_FR","og_type":"article","og_title":"Travailler avec nous - Hipac Group","og_description":"Vous souhaitez rejoindre l'\u00e9quipe du groupe Hipac ? D\u00e9couvrez les postes \u00e0 pourvoir et envoyez-nous votre CV!","og_url":"https:\/\/www.hipac.com\/fr\/travailler-avec-nous\/","og_site_name":"Hipac Group","article_modified_time":"2025-10-07T15:23:09+00:00","og_image":[{"width":1680,"height":350,"url":"https:\/\/www.hipac.com\/wp-content\/uploads\/2022\/04\/bg-lavoraconnoi.jpg","type":"image\/jpeg"}],"twitter_card":"summary_large_image","twitter_misc":{"Dur\u00e9e de lecture estim\u00e9e":"1 minute"},"schema":{"@context":"https:\/\/schema.org","@graph":[{"@type":"WebPage","@id":"https:\/\/www.hipac.com\/fr\/travailler-avec-nous\/","url":"https:\/\/www.hipac.com\/fr\/travailler-avec-nous\/","name":"Travailler avec nous - Hipac Group","isPartOf":{"@id":"https:\/\/www.hipac.com\/fr\/#website"},"primaryImageOfPage":{"@id":"https:\/\/www.hipac.com\/fr\/travailler-avec-nous\/#primaryimage"},"image":{"@id":"https:\/\/www.hipac.com\/fr\/travailler-avec-nous\/#primaryimage"},"thumbnailUrl":"https:\/\/www.hipac.com\/wp-content\/uploads\/2022\/04\/bg-lavoraconnoi.jpg","datePublished":"2022-04-21T01:40:56+00:00","dateModified":"2025-10-07T15:23:09+00:00","description":"Vous souhaitez rejoindre l'\u00e9quipe du groupe Hipac ? D\u00e9couvrez les postes \u00e0 pourvoir et envoyez-nous votre CV!","inLanguage":"fr-FR","potentialAction":[{"@type":"ReadAction","target":["https:\/\/www.hipac.com\/fr\/travailler-avec-nous\/"]}]},{"@type":"ImageObject","inLanguage":"fr-FR","@id":"https:\/\/www.hipac.com\/fr\/travailler-avec-nous\/#primaryimage","url":"https:\/\/www.hipac.com\/wp-content\/uploads\/2022\/04\/bg-lavoraconnoi.jpg","contentUrl":"https:\/\/www.hipac.com\/wp-content\/uploads\/2022\/04\/bg-lavoraconnoi.jpg","width":1680,"height":350},{"@type":"WebSite","@id":"https:\/\/www.hipac.com\/fr\/#website","url":"https:\/\/www.hipac.com\/fr\/","name":"Hipac Group","description":"","potentialAction":[{"@type":"SearchAction","target":{"@type":"EntryPoint","urlTemplate":"https:\/\/www.hipac.com\/fr\/?s={search_term_string}"},"query-input":{"@type":"PropertyValueSpecification","valueRequired":true,"valueName":"search_term_string"}}],"inLanguage":"fr-FR"}]}},"_links":{"self":[{"href":"https:\/\/www.hipac.com\/fr\/wp-json\/wp\/v2\/pages\/8191","targetHints":{"allow":["GET"]}}],"collection":[{"href":"https:\/\/www.hipac.com\/fr\/wp-json\/wp\/v2\/pages"}],"about":[{"href":"https:\/\/www.hipac.com\/fr\/wp-json\/wp\/v2\/types\/page"}],"author":[{"embeddable":true,"href":"https:\/\/www.hipac.com\/fr\/wp-json\/wp\/v2\/users\/1"}],"replies":[{"embeddable":true,"href":"https:\/\/www.hipac.com\/fr\/wp-json\/wp\/v2\/comments?post=8191"}],"version-history":[{"count":1,"href":"https:\/\/www.hipac.com\/fr\/wp-json\/wp\/v2\/pages\/8191\/revisions"}],"predecessor-version":[{"id":8192,"href":"https:\/\/www.hipac.com\/fr\/wp-json\/wp\/v2\/pages\/8191\/revisions\/8192"}],"wp:featuredmedia":[{"embeddable":true,"href":"https:\/\/www.hipac.com\/fr\/wp-json\/wp\/v2\/media\/2771"}],"wp:attachment":[{"href":"https:\/\/www.hipac.com\/fr\/wp-json\/wp\/v2\/media?parent=8191"}],"curies":[{"name":"wp","href":"https:\/\/api.w.org\/{rel}","templated":true}]}}